{"id":347,"date":"2026-02-22T18:44:00","date_gmt":"2026-02-22T18:44:00","guid":{"rendered":"https:\/\/batimo.ai\/tr\/pricing\/"},"modified":"2026-02-22T18:44:00","modified_gmt":"2026-02-22T18:44:00","slug":"pricing","status":"publish","type":"page","link":"https:\/\/batimo.ai\/tr\/pricing\/","title":{"rendered":"Fiyatland\u0131rma"},"content":{"rendered":"","protected":false},"excerpt":{"rendered":"","protected":false},"author":1,"featured_media":0,"parent":0,"menu_order":0,"comment_status":"closed","ping_status":"closed","template":"page-pricing.php","meta":{"footnotes":""},"class_list":["post-347","page","type-page","status-publish","hentry"],"yoast_head":"<!-- This site is optimized with the Yoast SEO plugin v27.0 - https:\/\/yoast.com\/product\/yoast-seo-wordpress\/ -->\n<title>Fiyatland\u0131rma - Batimo<\/title>\n<meta name=\"robots\" content=\"index, follow, max-snippet:-1, max-image-preview:large, max-video-preview:-1\" \/>\n<link rel=\"canonical\" href=\"https:\/\/batimo.ai\/tr\/pricing\/\" \/>\n<meta property=\"og:locale\" content=\"tr_TR\" \/>\n<meta property=\"og:type\" content=\"article\" \/>\n<meta property=\"og:title\" content=\"Fiyatland\u0131rma - Batimo\" \/>\n<meta property=\"og:url\" content=\"https:\/\/batimo.ai\/tr\/pricing\/\" \/>\n<meta property=\"og:site_name\" content=\"Batimo\" \/>\n<meta name=\"twitter:card\" content=\"summary_large_image\" \/>\n<script type=\"application\/ld+json\" class=\"yoast-schema-graph\">{\"@context\":\"https:\/\/schema.org\",\"@graph\":[{\"@type\":\"WebPage\",\"@id\":\"https:\/\/batimo.ai\/tr\/pricing\/\",\"url\":\"https:\/\/batimo.ai\/tr\/pricing\/\",\"name\":\"Fiyatland\u0131rma - Batimo\",\"isPartOf\":{\"@id\":\"https:\/\/batimo.ai\/tr\/#website\"},\"datePublished\":\"2026-02-22T18:44:00+00:00\",\"breadcrumb\":{\"@id\":\"https:\/\/batimo.ai\/tr\/pricing\/#breadcrumb\"},\"inLanguage\":\"tr\",\"potentialAction\":[{\"@type\":\"ReadAction\",\"target\":[\"https:\/\/batimo.ai\/tr\/pricing\/\"]}]},{\"@type\":\"BreadcrumbList\",\"@id\":\"https:\/\/batimo.ai\/tr\/pricing\/#breadcrumb\",\"itemListElement\":[{\"@type\":\"ListItem\",\"position\":1,\"name\":\"Home\",\"item\":\"https:\/\/batimo.ai\/tr\/\"},{\"@type\":\"ListItem\",\"position\":2,\"name\":\"Fiyatland\u0131rma\"}]},{\"@type\":\"WebSite\",\"@id\":\"https:\/\/batimo.ai\/tr\/#website\",\"url\":\"https:\/\/batimo.ai\/tr\/\",\"name\":\"Batimo\",\"description\":\"M\u00fc\u015fteri Konu\u015fmalar\u0131n\u0131 Yapay Zeka ile Otomatikle\u015ftirin\",\"publisher\":{\"@id\":\"https:\/\/batimo.ai\/tr\/#organization\"},\"potentialAction\":[{\"@type\":\"SearchAction\",\"target\":{\"@type\":\"EntryPoint\",\"urlTemplate\":\"https:\/\/batimo.ai\/tr\/?s={search_term_string}\"},\"query-input\":{\"@type\":\"PropertyValueSpecification\",\"valueRequired\":true,\"valueName\":\"search_term_string\"}}],\"inLanguage\":\"tr\"},{\"@type\":\"Organization\",\"@id\":\"https:\/\/batimo.ai\/tr\/#organization\",\"name\":\"Batimo\",\"url\":\"https:\/\/batimo.ai\/tr\/\",\"logo\":{\"@type\":\"ImageObject\",\"inLanguage\":\"tr\",\"@id\":\"https:\/\/batimo.ai\/tr\/#\/schema\/logo\/image\/\",\"url\":\"\",\"contentUrl\":\"\",\"caption\":\"Batimo\"},\"image\":{\"@id\":\"https:\/\/batimo.ai\/tr\/#\/schema\/logo\/image\/\"}}]}<\/script>\n<!-- \/ Yoast SEO plugin. -->","yoast_head_json":{"title":"Fiyatland\u0131rma - Batimo","robots":{"index":"index","follow":"follow","max-snippet":"max-snippet:-1","max-image-preview":"max-image-preview:large","max-video-preview":"max-video-preview:-1"},"canonical":"https:\/\/batimo.ai\/tr\/pricing\/","og_locale":"tr_TR","og_type":"article","og_title":"Fiyatland\u0131rma - Batimo","og_url":"https:\/\/batimo.ai\/tr\/pricing\/","og_site_name":"Batimo","twitter_card":"summary_large_image","schema":{"@context":"https:\/\/schema.org","@graph":[{"@type":"WebPage","@id":"https:\/\/batimo.ai\/tr\/pricing\/","url":"https:\/\/batimo.ai\/tr\/pricing\/","name":"Fiyatland\u0131rma - Batimo","isPartOf":{"@id":"https:\/\/batimo.ai\/tr\/#website"},"datePublished":"2026-02-22T18:44:00+00:00","breadcrumb":{"@id":"https:\/\/batimo.ai\/tr\/pricing\/#breadcrumb"},"inLanguage":"tr","potentialAction":[{"@type":"ReadAction","target":["https:\/\/batimo.ai\/tr\/pricing\/"]}]},{"@type":"BreadcrumbList","@id":"https:\/\/batimo.ai\/tr\/pricing\/#breadcrumb","itemListElement":[{"@type":"ListItem","position":1,"name":"Home","item":"https:\/\/batimo.ai\/tr\/"},{"@type":"ListItem","position":2,"name":"Fiyatland\u0131rma"}]},{"@type":"WebSite","@id":"https:\/\/batimo.ai\/tr\/#website","url":"https:\/\/batimo.ai\/tr\/","name":"Batimo","description":"M\u00fc\u015fteri Konu\u015fmalar\u0131n\u0131 Yapay Zeka ile Otomatikle\u015ftirin","publisher":{"@id":"https:\/\/batimo.ai\/tr\/#organization"},"potentialAction":[{"@type":"SearchAction","target":{"@type":"EntryPoint","urlTemplate":"https:\/\/batimo.ai\/tr\/?s={search_term_string}"},"query-input":{"@type":"PropertyValueSpecification","valueRequired":true,"valueName":"search_term_string"}}],"inLanguage":"tr"},{"@type":"Organization","@id":"https:\/\/batimo.ai\/tr\/#organization","name":"Batimo","url":"https:\/\/batimo.ai\/tr\/","logo":{"@type":"ImageObject","inLanguage":"tr","@id":"https:\/\/batimo.ai\/tr\/#\/schema\/logo\/image\/","url":"","contentUrl":"","caption":"Batimo"},"image":{"@id":"https:\/\/batimo.ai\/tr\/#\/schema\/logo\/image\/"}}]}},"_links":{"self":[{"href":"https:\/\/batimo.ai\/tr\/wp-json\/wp\/v2\/pages\/347","targetHints":{"allow":["GET"]}}],"collection":[{"href":"https:\/\/batimo.ai\/tr\/wp-json\/wp\/v2\/pages"}],"about":[{"href":"https:\/\/batimo.ai\/tr\/wp-json\/wp\/v2\/types\/page"}],"author":[{"embeddable":true,"href":"https:\/\/batimo.ai\/tr\/wp-json\/wp\/v2\/users\/1"}],"replies":[{"embeddable":true,"href":"https:\/\/batimo.ai\/tr\/wp-json\/wp\/v2\/comments?post=347"}],"version-history":[{"count":0,"href":"https:\/\/batimo.ai\/tr\/wp-json\/wp\/v2\/pages\/347\/revisions"}],"wp:attachment":[{"href":"https:\/\/batimo.ai\/tr\/wp-json\/wp\/v2\/media?parent=347"}],"curies":[{"name":"wp","href":"https:\/\/api.w.org\/{rel}","templated":true}]}}